{"id":5,"date":"2014-12-29T11:38:03","date_gmt":"2014-12-29T11:38:03","guid":{"rendered":"https:\/\/www.hethaveke.com\/?page_id=5"},"modified":"2023-11-06T09:20:35","modified_gmt":"2023-11-06T09:20:35","slug":"home","status":"publish","type":"page","link":"https:\/\/www.hethaveke.com\/de\/","title":{"rendered":"Willkommen"},"content":{"rendered":"<p>In der Mitte der Ortschaft Eefde in der niederl\u00e4ndischen Provinz Gelderland, zwischen Deventer und Arnheim gelegen, pr\u00e4sentiert sich das &#8220;Landgoed &#8216;t Haveke&#8221;.<\/p>\n<p>Ein 14 Hektar gro\u00dfer englischer Landschaftspark mit Wald und gepflegten Rasenfl\u00e4chen umgibt das im Jahre 1860 erbaute gro\u00dfe Herrenhaus. Kilometerlange Sp\u00e4zierwege f\u00fchren durch den Park und sind der \u00d6ffentlichkeit am Tage frei zug\u00e4nglich.<\/p>\n<p>F\u00fcr Urlauber und Kurzurlauber auf der Suche nach dem Besonderen bietet das &#8220;Landgoed het Haveke&#8221; zwei gro\u00dfz\u00fcgige, stilvoll eingerichtete Ferienwohnungen mit Blick \u00fcber den Park.<\/p>\n<div class=\"apartments\">\n<div class=\"apartment-container\">\n<p><a href=\"https:\/\/www.hethaveke.com\/vakantiewoningen\/koetshuis\/\"><img decoding=\"async\" src=\"https:\/\/www.hethaveke.com\/wp-content\/uploads\/g_a07_g.jpg\" alt=\"\" \/><\/a><\/p>\n<h3 class=\"apartment-title\">Het Koetshuis<\/h3>\n<p>Eine ger\u00e4umige Wohnung ( 140m2 ) mit zwei Stockwerken, 2 Schlafzimmer mit 2 Betten und\u00a01 Schlafzimmer mit 1 Bett 1.40&#215;2 m, in dem ehemaligen Koetshuis mit weitem Blick \u00fcber den Park.<\/p>\n<p><a class=\"readmore\" href=\"https:\/\/www.hethaveke.com\/vakantiewoningen\/koetshuis\/\">weiterlesen<\/a><\/p>\n<\/div>\n<div class=\"apartment-container\">\n<p><a href=\"https:\/\/www.hethaveke.com\/vakantiewoningen\/remise\/\"><img decoding=\"async\" src=\"https:\/\/www.hethaveke.com\/wp-content\/uploads\/nepetaschubkarre.jpg\" alt=\"\" \/><\/a><\/p>\n<h3 class=\"apartment-title\">Remise<\/h3>\n<p>Eine gem\u00fctliche Wohnung f\u00fcr zwei Personen ( 37m2 ) mit Sitzecke, Bad mit Dusche , Badewanne und Fu\u00dfbodenheizung.<br \/>\n<a class=\"readmore\" href=\"https:\/\/www.hethaveke.com\/vakantiewoningen\/koetshuis\/\">weiterlesen<\/a><\/p>\n<\/div>\n<\/div>\n","protected":false},"excerpt":{"rendered":"<p>In der Mitte der Ortschaft Eefde in der niederl\u00e4ndischen Provinz Gelderland, zwischen Deventer und Arnheim gelegen, pr\u00e4sentiert sich das &#8220;Landgoed &#8216;t Haveke&#8221;. Ein 14 Hektar gro\u00dfer englischer Landschaftspark mit Wald und gepflegten Rasenfl\u00e4chen umgibt das im Jahre 1860 erbaute gro\u00dfe Herrenhaus. Kilometerlange Sp\u00e4zierwege f\u00fchren durch den Park und sind der \u00d6ffentlichkeit am Tage frei zug\u00e4nglich. [&hellip;]<\/p>\n","protected":false},"author":1,"featured_media":0,"parent":0,"menu_order":0,"comment_status":"open","ping_status":"open","template":"","meta":{"footnotes":""},"class_list":["post-5","page","type-page","status-publish","hentry"],"aioseo_notices":[],"_links":{"self":[{"href":"https:\/\/www.hethaveke.com\/de\/wp-json\/wp\/v2\/pages\/5","targetHints":{"allow":["GET"]}}],"collection":[{"href":"https:\/\/www.hethaveke.com\/de\/wp-json\/wp\/v2\/pages"}],"about":[{"href":"https:\/\/www.hethaveke.com\/de\/wp-json\/wp\/v2\/types\/page"}],"author":[{"embeddable":true,"href":"https:\/\/www.hethaveke.com\/de\/wp-json\/wp\/v2\/users\/1"}],"replies":[{"embeddable":true,"href":"https:\/\/www.hethaveke.com\/de\/wp-json\/wp\/v2\/comments?post=5"}],"version-history":[{"count":20,"href":"https:\/\/www.hethaveke.com\/de\/wp-json\/wp\/v2\/pages\/5\/revisions"}],"predecessor-version":[{"id":527,"href":"https:\/\/www.hethaveke.com\/de\/wp-json\/wp\/v2\/pages\/5\/revisions\/527"}],"wp:attachment":[{"href":"https:\/\/www.hethaveke.com\/de\/wp-json\/wp\/v2\/media?parent=5"}],"curies":[{"name":"wp","href":"https:\/\/api.w.org\/{rel}","templated":true}]}}