{"id":35,"date":"2014-12-29T11:44:59","date_gmt":"2014-12-29T11:44:59","guid":{"rendered":"https:\/\/www.hethaveke.com\/?page_id=35"},"modified":"2019-11-01T10:59:49","modified_gmt":"2019-11-01T10:59:49","slug":"contact","status":"publish","type":"page","link":"https:\/\/www.hethaveke.com\/de\/route-contact\/contact\/","title":{"rendered":"Kontakt &#038; Impressum"},"content":{"rendered":"<h3>Landgoed &#8216;t Haveke<\/h3>\n<p>Frau Nepeta von Wedel<br \/>\nZutphenseweg 113<br \/>\n7211 EC Eefde<br \/>\nNiederlande<\/p>\n<p><a href=\"mailto:landgoed@hethaveke.com\">landgoed@hethaveke.com<\/a><\/p>\n<p>Telefon: +49 157 835 18 404<\/p>\n<p>KvK-nummer: 08100752<\/p>\n<h3>Impressum<\/h3>\n<p>Diese Website wird betrieben von:<\/p>\n<p>Landgoed &#8216;t Haveke<br \/>\nZutphenseweg 113<br \/>\n7211 EC Eefde<br \/>\nNiederlande<\/p>\n<h3>Haftungsausschluss<\/h3>\n<p><span style=\"text-decoration: underline;\">1. Inhalt des Onlineangebotes<\/span><\/p>\n<p>Landgoed het Haveke \u00fcbernimmt keinerlei Gew\u00e4hr f\u00fcr die Aktualit\u00e4t, Korrektheit, Vollst\u00e4ndigkeit oder Qualit\u00e4t der bereitgestellten Informationen. Haftungsanspr\u00fcche gegen Landgoed het Haveke, welche sich auf Sch\u00e4den materieller oder ideeller Art beziehen, die durch die Nutzung oder Nichtnutzung der dargebotenen Informationen bzw. durch die Nutzung fehlerhafter und unvollst\u00e4ndiger Informationen verursacht wurden, sind grunds\u00e4tzlich ausgeschlossen, sofern seitens des Autors kein nachweislich vors\u00e4tzliches oder grob fahrl\u00e4ssiges Verschulden vorliegt.<\/p>\n<p>Alle Angebote sind freibleibend und unverbindlich. Der Autor beh\u00e4lt es sich ausdr\u00fccklich vor, Teile der Seiten oder das gesamte Angebot ohne gesonderte Ank\u00fcndigung zu ver\u00e4ndern, zu erg\u00e4nzen, zu l\u00f6schen oder die Ver\u00f6ffentlichung zeitweise oder endg\u00fcltig einzustellen.<\/p>\n<p><span style=\"text-decoration: underline;\">2. Verweise und Links<\/span><\/p>\n<p>Bei direkten oder indirekten Verweisen auf fremde Internetseiten (&#8220;Links&#8221;), die au\u00dferhalb des Verantwortungsbereiches des Landgoed het Haveke liegen, w\u00fcrde eine Haftungsverpflichtung ausschlie\u00dflich in dem Fall in Kraft treten, in dem der Autor von den Inhalten Kenntnis hat und es ihm technisch m\u00f6glich und zumutbar w\u00e4re, die Nutzung im Falle rechtswidriger Inhalte zu verhindern.<\/p>\n<p>Das Landgoed het Haveke erkl\u00e4rt hiermit ausdr\u00fccklich, dass zum Zeitpunkt der Linksetzung keine illegalen Inhalte auf den zu verlinkenden Seiten erkennbar waren. Auf die aktuelle und zuk\u00fcnftige Gestaltung, die Inhalte oder die Urheberschaft der gelinkten\/verkn\u00fcpften Seiten hat das Landgoed het Haveke keinerlei Einfluss. Deshalb distanzieren wir uns hiermit ausdr\u00fccklich von allen Inhalten aller gelinkten \/verkn\u00fcpften Seiten, die nach der Linksetzung ver\u00e4ndert wurden. Diese Feststellung gilt f\u00fcr alle innerhalb des eigenen Internetangebotes gesetzten Links und Verweise. F\u00fcr illegale, fehlerhafte oder unvollst\u00e4ndige Inhalte und insbesondere f\u00fcr Sch\u00e4den, die aus der Nutzung oder Nichtnutzung solcherart dargebotener Informationen entstehen, haftet allein der Anbieter der Seite, auf welche verwiesen wurde, nicht derjenige, der \u00fcber Links auf die jeweilige Ver\u00f6ffentlichung lediglich verweist.<\/p>\n<p><span style=\"text-decoration: underline;\">3. Urheber- und Kennzeichenrecht<\/span><\/p>\n<p>Das Landgoed het Haveke ist bestrebt, in allen Publikationen die Urheberrechte der verwendeten Grafiken, Bildern und Texte zu beachten, von ihm selbst erstellte Grafiken, Bilder und Texte zu nutzen oder auf lizenzfreie Grafiken, Bilder und Texte zur\u00fcckzugreifen.<\/p>\n<p>Alle innerhalb des Internetangebotes genannten und ggf. durch Dritte gesch\u00fctzten Marken- und Warenzeichen unterliegen uneingeschr\u00e4nkt den Bestimmungen des jeweils g\u00fcltigen Kennzeichenrechts und den Besitzrechten der jeweiligen eingetragenen Eigent\u00fcmer. Allein aufgrund der blo\u00dfen Nennung ist nicht der Schlu\u00df zu ziehen, dass Markenzeichen nicht durch Rechte Dritter gesch\u00fctzt sind!<\/p>\n<p>Das Copyright f\u00fcr ver\u00f6ffentlichte, vom Landgoed het Haveke selbst erstellte Objekte bleibt allein beim Landgoed het Haveke. Eine Vervielf\u00e4ltigung oder Verwendung solcher Grafiken, Bilder und Texte in anderen elektronischen oder gedruckten Publikationen ist ohne ausdr\u00fcckliche Zustimmung des Autors nicht gestattet.<\/p>\n<p><span style=\"text-decoration: underline;\">4. Datenschutz<\/span><\/p>\n<p>Sofern innerhalb des Internetangebotes die M\u00f6glichkeit zur Eingabe pers\u00f6nlicher oder gesch\u00e4ftlicher Daten (Emailadressen, Namen, Anschriften) besteht, so erfolgt die Preisgabe dieser Daten seitens des Nutzers auf ausdr\u00fccklich freiwilliger Basis. Die Inanspruchnahme und Bezahlung aller angebotenen Dienste ist &#8211; soweit technisch m\u00f6glich und zumutbar &#8211; auch ohne Angabe solcher Daten bzw. unter Angabe anonymisierter Daten oder eines Pseudonyms gestattet.<\/p>\n<p><span style=\"text-decoration: underline;\">5. Rechtswirksamkeit dieses Haftungsausschlusses<\/span><\/p>\n<p>Dieser Haftungsausschluss ist als Teil des Internetangebotes zu betrachten, von dem aus auf diese Seite verwiesen wurde. Sofern Teile oder einzelne Formulierungen dieses Textes der geltenden Rechtslage nicht, nicht mehr oder nicht vollst\u00e4ndig entsprechen sollten, bleiben die \u00fcbrigen Teile des Dokumentes in ihrem Inhalt und ihrer G\u00fcltigkeit davon unber\u00fchrt.<\/p>\n","protected":false},"excerpt":{"rendered":"<p>Landgoed &#8216;t Haveke Frau Nepeta von Wedel Zutphenseweg 113 7211 EC Eefde Niederlande landgoed@hethaveke.com Telefon: +49 157 835 18 404 KvK-nummer: 08100752 Impressum Diese Website wird betrieben von: Landgoed &#8216;t Haveke Zutphenseweg 113 7211 EC Eefde Niederlande Haftungsausschluss 1. Inhalt des Onlineangebotes Landgoed het Haveke \u00fcbernimmt keinerlei Gew\u00e4hr f\u00fcr die Aktualit\u00e4t, Korrektheit, Vollst\u00e4ndigkeit oder Qualit\u00e4t [&hellip;]<\/p>\n","protected":false},"author":1,"featured_media":0,"parent":31,"menu_order":0,"comment_status":"open","ping_status":"open","template":"","meta":{"footnotes":""},"class_list":["post-35","page","type-page","status-publish","hentry"],"aioseo_notices":[],"_links":{"self":[{"href":"https:\/\/www.hethaveke.com\/de\/wp-json\/wp\/v2\/pages\/35","targetHints":{"allow":["GET"]}}],"collection":[{"href":"https:\/\/www.hethaveke.com\/de\/wp-json\/wp\/v2\/pages"}],"about":[{"href":"https:\/\/www.hethaveke.com\/de\/wp-json\/wp\/v2\/types\/page"}],"author":[{"embeddable":true,"href":"https:\/\/www.hethaveke.com\/de\/wp-json\/wp\/v2\/users\/1"}],"replies":[{"embeddable":true,"href":"https:\/\/www.hethaveke.com\/de\/wp-json\/wp\/v2\/comments?post=35"}],"version-history":[{"count":9,"href":"https:\/\/www.hethaveke.com\/de\/wp-json\/wp\/v2\/pages\/35\/revisions"}],"predecessor-version":[{"id":365,"href":"https:\/\/www.hethaveke.com\/de\/wp-json\/wp\/v2\/pages\/35\/revisions\/365"}],"up":[{"embeddable":true,"href":"https:\/\/www.hethaveke.com\/de\/wp-json\/wp\/v2\/pages\/31"}],"wp:attachment":[{"href":"https:\/\/www.hethaveke.com\/de\/wp-json\/wp\/v2\/media?parent=35"}],"curies":[{"name":"wp","href":"https:\/\/api.w.org\/{rel}","templated":true}]}}