{"id":33,"date":"2014-12-29T11:44:39","date_gmt":"2014-12-29T11:44:39","guid":{"rendered":"https:\/\/www.hethaveke.com\/?page_id=33"},"modified":"2019-11-08T10:37:44","modified_gmt":"2019-11-08T10:37:44","slug":"routebeschrijving","status":"publish","type":"page","link":"https:\/\/www.hethaveke.com\/de\/route-contact\/routebeschrijving\/","title":{"rendered":"Lage &#038; Anreise"},"content":{"rendered":"<p>Eefde liegt in der Region &#8220;Achterhoek&#8221; der niederl\u00e4ndischen Provinz Gelderland, ca. 35 km nord\u00f6stlich von Arnheim und 12 km s\u00fcdlich von Deventer.<\/p>\n\r\n            \r\n            \r\n            \r\n            <a name='map1'><\/a>\r\n            \r\n            \r\n            \r\n            \r\n            <div class=\"wpgmza_map \"  id=\"wpgmza_map_1\" style=\"display:block; overflow:auto; width:100%; height:400px; float:left;\" data-settings='{\"id\":\"1\",\"map_title\":\"Het Haveke Eefde\",\"map_width\":\"100\",\"map_height\":\"400\",\"map_start_lat\":\"52.165978\",\"map_start_lng\":\"6.228531\",\"map_start_location\":\"52.16597826956235,6.2285307142945046\",\"map_start_zoom\":\"12\",\"default_marker\":\"0\",\"type\":\"3\",\"alignment\":\"2\",\"directions_enabled\":\"0\",\"styling_enabled\":\"0\",\"styling_json\":\"\",\"active\":\"0\",\"kml\":\"\",\"bicycle\":\"0\",\"traffic\":\"0\",\"dbox\":\"1\",\"dbox_width\":\"250\",\"listmarkers\":\"0\",\"listmarkers_advanced\":\"0\",\"filterbycat\":\"0\",\"ugm_enabled\":\"0\",\"ugm_category_enabled\":\"0\",\"fusion\":\"\",\"map_width_type\":\"\\\\%\",\"map_height_type\":\"px\",\"mass_marker_support\":\"1\",\"ugm_access\":\"0\",\"order_markers_by\":\"1\",\"order_markers_choice\":\"2\",\"show_user_location\":\"1\",\"default_to\":\"Zutphenseweg 113, Eefde\",\"other_settings\":{\"wpgmza_store_locator_restrict\":\"\",\"store_locator_bounce\":1,\"store_locator_query_string\":\"ZIP \\\/ Address:\",\"store_locator_name_string\":\"Title \\\/ Description:\",\"wpgmza_dbox_width_type\":\"px\",\"map_max_zoom\":\"3\",\"map_min_zoom\":\"21\",\"sl_stroke_color\":\"FF0000\",\"sl_stroke_opacity\":\"0.25\",\"sl_fill_color\":\"FF0000\",\"sl_fill_opacity\":\"0.15\",\"click_open_link\":2,\"transport_layer\":0,\"iw_primary_color\":\"2A3744\",\"iw_accent_color\":\"252F3A\",\"iw_text_color\":\"FFFFFF\",\"wpgmza_iw_type\":\"0\",\"list_markers_by\":\"0\",\"push_in_map\":\"\",\"push_in_map_placement\":\"9\",\"wpgmza_push_in_map_width\":\"\",\"wpgmza_push_in_map_height\":\"\",\"wpgmza_theme_data\":\"\",\"upload_default_ul_marker\":\"\",\"upload_default_sl_marker\":\"\",\"shortcodeAttributes\":{\"id\":\"1\"}}}' data-map-id='1' data-shortcode-attributes='{\"id\":\"1\"}'> <\/div>\r\n            \r\n               \r\n        \n<p><a href=\"https:\/\/www.google.com\/maps\/@52.1648986,6.2342791,14z\">Link zu Google Maps<\/a><\/p>\n<p>Von Westen und dem Norden der Niederlande:Aus Deutschland \u00fcber Osnabr\u00fcck Richtung Amsterdam<br \/>\nA1 bis Deventer<br \/>\nAusfahrt Nr. 23 Deventer\/Zutphen, Richtung Zutphen<br \/>\nDurch Gorssel hindurch<br \/>\nIn Eefde \u00fcber den Bahn\u00fcbergang fahren<br \/>\nNach der zweiten Ampel befindet sich der Eingang nach ca. 50m links unter den Alleeb\u00e4umen.<\/p>\n<p>Aus Richtung Oberhausen \/ Doetinchem \/ Zutphen:<\/p>\n<p>Der A3 In Emmerich \u00fcber die Grenze fahren<br \/>\nDer A12 bis Arnhem und in Richtung Zutphen\/Deventer auf die A348 fahren<br \/>\nBis Eefde immer in Richtung Deventer fahren<br \/>\nNach der Br\u00fccke \u00fcber den Twentekanaal weiter gerade aus<br \/>\n\u00dcber den Bahn\u00fcbergang<br \/>\nDer Eingang zum Landgut befindet sich nach ca. 400 m auf der rechten Seite.<\/p>\n<p>Mit der Eisenbahn<\/p>\n<p>Wer mit der Eisenbahn kommen m\u00f6chte, kann den Zielbahnhof &#8220;Zutphen&#8221; bequem \u00fcber Arnheim (aus dem S\u00fcden) oder Deventer (aus dem Norden) erreichen. Vom Bahnhof Zutphen sind es noch ca. vier Kilometer nach Eefde.<\/p>\n<p><a title=\"Zugverbindung\" href=\"http:\/\/bahn.hafas.de\/bin\/query.exe\/dn\">Hier gibt es die beste Zugverbindung.<\/a> Da sich Eefde in den Niederlanden befindet, sind Preise nur \u00fcber die Bahn oder ein Reiseb\u00fcro zu erfragen.<\/p>\n<p>Mit dem Flugzeug<\/p>\n<p>Wer mit dem Flugzeug kommt, sollte nach Amsterdam fliegen und von dort einen Zug nach Apeldoorn, Deventer oder Arnheim nehmen und von dort weiter nach Zutphen fahren. Das dauert je nach Verbindung 1,5 bis 2 Stunden.<br \/>\nAusf\u00fchrliche Fahrplanausk\u00fcnfte gibt es \u00fcber die Homepage des <a title=\"Schiphol\" href=\"http:\/\/www.schiphol.nl\/\">Flughafens Amsterdam Schiphol<\/a>.<\/p>\n<p>Wer nach D\u00fcsseldorf fliegt, sollte von dort einen Zug nach Arnheim nehmen und weiter nach Zutphen fahren. Die Fahrt dauert, je nach Verbindung, 2 bis 3 Stunden. Ausk\u00fcnfte hierzu entweder \u00fcber die Bahn oder \u00fcber den <a title=\"Flughaven D\u00fcsseldorf\" href=\"http:\/\/www.duesseldorf-international.de\/\">Flughafen D\u00fcsseldorf<\/a>.<\/p>\n","protected":false},"excerpt":{"rendered":"<p>Eefde liegt in der Region &#8220;Achterhoek&#8221; der niederl\u00e4ndischen Provinz Gelderland, ca. 35 km nord\u00f6stlich von Arnheim und 12 km s\u00fcdlich von Deventer. Link zu Google Maps Von Westen und dem Norden der Niederlande:Aus Deutschland \u00fcber Osnabr\u00fcck Richtung Amsterdam A1 bis Deventer Ausfahrt Nr. 23 Deventer\/Zutphen, Richtung Zutphen Durch Gorssel hindurch In Eefde \u00fcber den Bahn\u00fcbergang [&hellip;]<\/p>\n","protected":false},"author":1,"featured_media":0,"parent":31,"menu_order":0,"comment_status":"open","ping_status":"open","template":"","meta":{"footnotes":""},"class_list":["post-33","page","type-page","status-publish","hentry"],"aioseo_notices":[],"_links":{"self":[{"href":"https:\/\/www.hethaveke.com\/de\/wp-json\/wp\/v2\/pages\/33","targetHints":{"allow":["GET"]}}],"collection":[{"href":"https:\/\/www.hethaveke.com\/de\/wp-json\/wp\/v2\/pages"}],"about":[{"href":"https:\/\/www.hethaveke.com\/de\/wp-json\/wp\/v2\/types\/page"}],"author":[{"embeddable":true,"href":"https:\/\/www.hethaveke.com\/de\/wp-json\/wp\/v2\/users\/1"}],"replies":[{"embeddable":true,"href":"https:\/\/www.hethaveke.com\/de\/wp-json\/wp\/v2\/comments?post=33"}],"version-history":[{"count":13,"href":"https:\/\/www.hethaveke.com\/de\/wp-json\/wp\/v2\/pages\/33\/revisions"}],"predecessor-version":[{"id":449,"href":"https:\/\/www.hethaveke.com\/de\/wp-json\/wp\/v2\/pages\/33\/revisions\/449"}],"up":[{"embeddable":true,"href":"https:\/\/www.hethaveke.com\/de\/wp-json\/wp\/v2\/pages\/31"}],"wp:attachment":[{"href":"https:\/\/www.hethaveke.com\/de\/wp-json\/wp\/v2\/media?parent=33"}],"curies":[{"name":"wp","href":"https:\/\/api.w.org\/{rel}","templated":true}]}}