{"id":274,"date":"2015-02-02T17:03:46","date_gmt":"2015-02-02T17:03:46","guid":{"rendered":"https:\/\/www.hethaveke.com\/?page_id=274"},"modified":"2019-11-08T09:48:25","modified_gmt":"2019-11-08T09:48:25","slug":"activiteiten","status":"publish","type":"page","link":"https:\/\/www.hethaveke.com\/de\/activiteiten\/","title":{"rendered":"Aktivit\u00e4ten"},"content":{"rendered":"<p>Het Haveke bietet Entspannung inmitten der herrlichen Landschaftsg\u00e4rten und W\u00e4lder des Achterhoeks. Die Umgebung des Haveke bietet viele M\u00f6glichkeiten und Aktivit\u00e4ten f\u00fcr die ganze Familie! Um Ihnen den Einstieg zu erleichtern haben wir eine Auswahl an Aktivit\u00e4ten, Restaurants und kulturellen Sehensw\u00fcrdigkeiten zusammengestellt:<\/p>\n<h3>Cultuur<\/h3>\n<p><a title=\"Museum Kr\u00f6ller M\u00fcller\" href=\"http:\/\/krollermuller.nl\/\" target=\"_blank\" rel=\"noopener\">Museum Kr\u00f6ller M\u00fcller<\/a><\/p>\n<p><a title=\"Openlucht museum\" href=\"http:\/\/www.openluchtmuseum.mobi\/\" target=\"_blank\" rel=\"noopener\">Openlucht Museum<\/a><\/p>\n<p><a title=\"VVV Bronckhorst\" href=\"http:\/\/www.vvvbronckhorst.nl\/\" target=\"_blank\" rel=\"noopener\">Bronckhorst<\/a><\/p>\n<p><a title=\"Stads wandeling Zutphen\" href=\"http:\/\/www.stadswandeling-zutphen.nl\/\" target=\"_blank\" rel=\"noopener\">Stadswandeling Zutphen (met gids)<\/a><\/p>\n<p><a title=\"Glasblazerij Martorell\" href=\"http:\/\/www.glasblazerijmartorell.nl\/\" target=\"_blank\" rel=\"noopener\">Glasblazerij Martorell<\/a><\/p>\n<h3>Natuur<\/h3>\n<p><a href=\"http:\/\/www.hogeveluwe.nl\/\" target=\"_blank\" rel=\"noopener\">Park de Hoge Veluwe<\/a><\/p>\n<p><a title=\"Ijssel boottochten\" href=\"http:\/\/www.ijssel.info\/index.php\/boottochten\" target=\"_blank\" rel=\"noopener\">IJsselcruises<\/a><\/p>\n<p><a title=\"Boerderij winkel\" href=\"http:\/\/www.demeanderbrummen.nl\/\" target=\"_blank\" rel=\"noopener\">Boerderijwinkel Meander<\/a><\/p>\n<h3>Recreatie<\/h3>\n<p><a href=\"https:\/\/www.restaurantdesluis.nl\/fietsverhuur\/\">Fietsverhuur De Sluis in Eefde<\/a><\/p>\n<p><a title=\"Het Hart Eefde\" href=\"http:\/\/www.hetharteefde.nl\/\" target=\"_blank\" rel=\"noopener\">Het Hart<\/a><\/p>\n<p><a title=\"Fietsroute Zutphen\" href=\"http:\/\/gpstracks.nl\/fietsroutes-gelderland.php?id=2601\" target=\"_blank\" rel=\"noopener\">Fietsroute Zutphen (+ GPS Download)<\/a><\/p>\n<p><a title=\"Berkelvallei route\" href=\"http:\/\/gpstracks.nl\/wandelroutes-gelderland.php?id=900\" target=\"_blank\" rel=\"noopener\">Berkelvallei route (wandelroute + GPS Download)<\/a><\/p>\n<p><a title=\"Stadswandeling Zutphen\" href=\"http:\/\/gpstracks.nl\/wandelroutes-gelderland.php?id=1412\" target=\"_blank\" rel=\"noopener\">Stadswandeling Zutphen (GPS Download)<\/a><\/p>\n<p><a href=\"http:\/\/www.gorssel.nl\/images\/erop_uit\/Routes\/fietsroute_Voorstroute.pdf\">Fietsroute Uiterwaarden IJssel <\/a>en <a href=\"http:\/\/dekribbe.nl\/\">reastaurant\/museum de Kribbe<\/a><\/p>\n<p><a title=\"Koe Knuffelen\" href=\"http:\/\/www.koeknuffelen.nl\/\" target=\"_blank\" rel=\"noopener\">Koe knuffelen<\/a><\/p>\n<p><a title=\"Fluisterboot Zutphen\" href=\"http:\/\/fluisterboot-zutphen.nl\/\" target=\"_blank\" rel=\"noopener\">Fluisterboot Zutphen<\/a><\/p>\n<p><a href=\"http:\/\/www.gorssel.nl\/component\/eventlist\/details\/262-rondleiding-sluis-eefde\">Besichtigung Schleusse<\/a><\/p>\n<h3>Kids<\/h3>\n<p><a title=\"Karting Eefde\" href=\"http:\/\/www.kartingeefde.nl\/\" target=\"_blank\" rel=\"noopener\">Karting Eefde<\/a><br \/>\nKarten, survival en meer<\/p>\n<p><a href=\"http:\/\/www.kartingeefde.nl\/klimbos\">Kl\u00e4tterwald<\/a><\/p>\n<p><a title=\"Erve Brooks\" href=\"http:\/\/erve-brooks.nl\/\" target=\"_blank\" rel=\"noopener\">Erve Brooks<\/a><\/p>\n<p><a title=\"Speelparadijs Voorst\" href=\"http:\/\/speelparadijsvoorst.nl\/\" target=\"_blank\" rel=\"noopener\">Speelparadijs Panky Pancake Voorst<\/a><\/p>\n<p><a title=\"Graaf Ottobad\" href=\"https:\/\/www.sportfondsen.nl\/Accommodatie\/Graaf%20Ottobad\/Paginas\/Home.aspx\" target=\"_blank\" rel=\"noopener\">Graaf Ottobad<\/a><\/p>\n<p><a href=\"http:\/\/www.zwembaddeboskoele.nl\/\">Schwimmbad &#8216;De Boskoele&#8217;<\/a><\/p>\n<h3>Restaurants<\/h3>\n<p><a title=\"Restaurants in Zutphen\" href=\"http:\/\/www.iens.nl\/restaurant\/zutphen\/score_eten:aflopend\" target=\"_blank\" rel=\"noopener\">Diverse restaurants in Zutphen<\/a><\/p>\n<p><a title=\"De sluis\" href=\"http:\/\/www.caferestaurantdesluis.nl\/\" target=\"_blank\" rel=\"noopener\">Caf\u00e9 Restaurant De Sluis (Eefde)<\/a><\/p>\n<p><a title=\"Ribhouse Texas\" href=\"http:\/\/www.ribhousetexas.nl\/\" target=\"_blank\" rel=\"noopener\">Ribhouse Texas Voorst<\/a><\/p>\n<p><a href=\"http:\/\/gorssel.loetje.com\/\">Loetje (Gorssel)<\/a><\/p>\n<p>&#8216;<a href=\"http:\/\/restaurantelfuur.nl\/\">t Elf Uur<\/a><\/p>\n<p><a href=\"http:\/\/www.bosrestaurant.nl\/\">Bosrestaurant Joppe<\/a><\/p>\n","protected":false},"excerpt":{"rendered":"<p>Het Haveke bietet Entspannung inmitten der herrlichen Landschaftsg\u00e4rten und W\u00e4lder des Achterhoeks. Die Umgebung des Haveke bietet viele M\u00f6glichkeiten und Aktivit\u00e4ten f\u00fcr die ganze Familie! Um Ihnen den Einstieg zu erleichtern haben wir eine Auswahl an Aktivit\u00e4ten, Restaurants und kulturellen Sehensw\u00fcrdigkeiten zusammengestellt: Cultuur Museum Kr\u00f6ller M\u00fcller Openlucht Museum Bronckhorst Stadswandeling Zutphen (met gids) Glasblazerij Martorell [&hellip;]<\/p>\n","protected":false},"author":1,"featured_media":0,"parent":0,"menu_order":0,"comment_status":"open","ping_status":"open","template":"","meta":{"footnotes":""},"class_list":["post-274","page","type-page","status-publish","hentry"],"aioseo_notices":[],"_links":{"self":[{"href":"https:\/\/www.hethaveke.com\/de\/wp-json\/wp\/v2\/pages\/274","targetHints":{"allow":["GET"]}}],"collection":[{"href":"https:\/\/www.hethaveke.com\/de\/wp-json\/wp\/v2\/pages"}],"about":[{"href":"https:\/\/www.hethaveke.com\/de\/wp-json\/wp\/v2\/types\/page"}],"author":[{"embeddable":true,"href":"https:\/\/www.hethaveke.com\/de\/wp-json\/wp\/v2\/users\/1"}],"replies":[{"embeddable":true,"href":"https:\/\/www.hethaveke.com\/de\/wp-json\/wp\/v2\/comments?post=274"}],"version-history":[{"count":16,"href":"https:\/\/www.hethaveke.com\/de\/wp-json\/wp\/v2\/pages\/274\/revisions"}],"predecessor-version":[{"id":442,"href":"https:\/\/www.hethaveke.com\/de\/wp-json\/wp\/v2\/pages\/274\/revisions\/442"}],"wp:attachment":[{"href":"https:\/\/www.hethaveke.com\/de\/wp-json\/wp\/v2\/media?parent=274"}],"curies":[{"name":"wp","href":"https:\/\/api.w.org\/{rel}","templated":true}]}}