{"id":27,"date":"2014-12-29T11:43:35","date_gmt":"2014-12-29T11:43:35","guid":{"rendered":"https:\/\/www.hethaveke.com\/?page_id=27"},"modified":"2015-01-04T12:45:34","modified_gmt":"2015-01-04T12:45:34","slug":"gegevens","status":"publish","type":"page","link":"https:\/\/www.hethaveke.com\/de\/gegevens-en-beelden\/gegevens\/","title":{"rendered":"Umgebung"},"content":{"rendered":"<p>Die Umgebung von Eefde bietet ideale Voraussetzungen f\u00fcr erholsame oder aktive Reisen oder Kurzurlaube.<\/p>\n<p><span style=\"text-decoration: underline;\">Natur<\/span><br \/>\nEefde grenzt an die Gorsselsche Ramme, ein ausgedehntes Naturgebiet mit hervorragenden M\u00f6glichkeiten zum Wandern und Radfahren. Auch das Storchendorf in Richtung der \u00dcberschwemmungsgebiete der launenhaften Ijssel sind mehr als einen Ausflug wert.<\/p>\n<p><span style=\"text-decoration: underline;\">Stadt<\/span><br \/>\nDie \u00fcber 800 Jahre alte Hansestadt Zutphen, ebenso wie ihre Schwesterstadt Deventer, bietet alles f\u00fcr einen erf\u00fcllten Tag. Die pr\u00e4chtige alte Innenstadt mit \u00fcber 400 Denkm\u00e4lern, historischen Fassaden und Innenh\u00f6fen l\u00e4dt zu einem Bummel ein. Einmalig ist auch die &#8220;Librije&#8221;, eine gut erhaltene Bibliothek aus dem sechzehnten Jahrhundert, die an die imposante Walburgkirche angebaut wurde. Oder entdecken Sie die Stadt mit dem &#8220;Fluisterboot&#8221; aus der Perspektive der Grachten und der Berkel.<\/p>\n<p>Zutphen verf\u00fcgt \u00fcber ein lebhaftes Zentrum mit vielf\u00e4ltigen Einkaufsm\u00f6glichkeiten. Nach einer ausgiebigen Shoppingtour empfehlen wir den Besuch eines der traditionellen Kaffeeh\u00e4user wie dem weltbekannten &#8220;De Pelikaan&#8221;. Besuchen Sie auch das &#8220;Volkshuis&#8221;, ein einhundert Jahre altes alkoholfreies Restaurant, das gleichzeitig als Lehrwerkstatt f\u00fcr Menschen mit Einschr\u00e4nkungen dient.<\/p>\n<p><span style=\"text-decoration: underline;\">Kultur<\/span><br \/>\nEefde liegt mitten im St\u00e4dtedreieck Zutphen &#8211; Deventer &#8211; Apeldoorn. Alle drei St\u00e4dte verf\u00fcgen \u00fcber zahlreiche Ausgehm\u00f6glichkeiten: Wie z.B. der &#8220;Hanzehof&#8221; in Zutphen oder das &#8220;Orpheus&#8221; in Apeldoorn.<\/p>\n","protected":false},"excerpt":{"rendered":"<p>Die Umgebung von Eefde bietet ideale Voraussetzungen f\u00fcr erholsame oder aktive Reisen oder Kurzurlaube. Natur Eefde grenzt an die Gorsselsche Ramme, ein ausgedehntes Naturgebiet mit hervorragenden M\u00f6glichkeiten zum Wandern und Radfahren. Auch das Storchendorf in Richtung der \u00dcberschwemmungsgebiete der launenhaften Ijssel sind mehr als einen Ausflug wert. Stadt Die \u00fcber 800 Jahre alte Hansestadt Zutphen, [&hellip;]<\/p>\n","protected":false},"author":1,"featured_media":0,"parent":23,"menu_order":0,"comment_status":"open","ping_status":"open","template":"","meta":{"footnotes":""},"class_list":["post-27","page","type-page","status-publish","hentry"],"aioseo_notices":[],"_links":{"self":[{"href":"https:\/\/www.hethaveke.com\/de\/wp-json\/wp\/v2\/pages\/27","targetHints":{"allow":["GET"]}}],"collection":[{"href":"https:\/\/www.hethaveke.com\/de\/wp-json\/wp\/v2\/pages"}],"about":[{"href":"https:\/\/www.hethaveke.com\/de\/wp-json\/wp\/v2\/types\/page"}],"author":[{"embeddable":true,"href":"https:\/\/www.hethaveke.com\/de\/wp-json\/wp\/v2\/users\/1"}],"replies":[{"embeddable":true,"href":"https:\/\/www.hethaveke.com\/de\/wp-json\/wp\/v2\/comments?post=27"}],"version-history":[{"count":3,"href":"https:\/\/www.hethaveke.com\/de\/wp-json\/wp\/v2\/pages\/27\/revisions"}],"predecessor-version":[{"id":85,"href":"https:\/\/www.hethaveke.com\/de\/wp-json\/wp\/v2\/pages\/27\/revisions\/85"}],"up":[{"embeddable":true,"href":"https:\/\/www.hethaveke.com\/de\/wp-json\/wp\/v2\/pages\/23"}],"wp:attachment":[{"href":"https:\/\/www.hethaveke.com\/de\/wp-json\/wp\/v2\/media?parent=27"}],"curies":[{"name":"wp","href":"https:\/\/api.w.org\/{rel}","templated":true}]}}