{"id":25,"date":"2014-12-29T11:43:21","date_gmt":"2014-12-29T11:43:21","guid":{"rendered":"https:\/\/www.hethaveke.com\/?page_id=25"},"modified":"2019-11-01T11:13:42","modified_gmt":"2019-11-01T11:13:42","slug":"historie","status":"publish","type":"page","link":"https:\/\/www.hethaveke.com\/de\/gegevens-en-beelden\/historie\/","title":{"rendered":"Geschichte"},"content":{"rendered":"<p>Erstmals erw\u00e4hnt wurde Landgoed &#8216;t Haveke im Jahre 1481, als &#8220;Herman ter Havick&#8221; seiner Frau anl\u00e4\u00dflich der Hochzeit, neben einer gro\u00dfen Geldsumme, das Haus zum Geschenk macht.<\/p>\n<p>Gegen 1860 wurde das alte Haus abgerissen und &#8220;Het Haveke&#8221; neu erbaut. Danach wurden von den Besitzern einige Ver\u00e4nderungen am Haus vorgenommen und es kam 1948 in den Besitz der Familie der Grafen von Rechteren-Limpurg-Speckfeld.<\/p>\n<p>Das Haus umgebende, vom ber\u00fchmten Landschaftsarchitekten L.A. Springer gestaltete Park ein Naturdenkmal und f\u00fcr die \u00d6ffentlichkeit zug\u00e4nglich. Die Geb\u00e4ude und der Park stehen als &#8220;Rijksmonument&#8221; unter Denkmalschutz.<\/p>\n","protected":false},"excerpt":{"rendered":"<p>Erstmals erw\u00e4hnt wurde Landgoed &#8216;t Haveke im Jahre 1481, als &#8220;Herman ter Havick&#8221; seiner Frau anl\u00e4\u00dflich der Hochzeit, neben einer gro\u00dfen Geldsumme, das Haus zum Geschenk macht. Gegen 1860 wurde das alte Haus abgerissen und &#8220;Het Haveke&#8221; neu erbaut. Danach wurden von den Besitzern einige Ver\u00e4nderungen am Haus vorgenommen und es kam 1948 in den [&hellip;]<\/p>\n","protected":false},"author":1,"featured_media":0,"parent":23,"menu_order":0,"comment_status":"open","ping_status":"open","template":"","meta":{"footnotes":""},"class_list":["post-25","page","type-page","status-publish","hentry"],"aioseo_notices":[],"_links":{"self":[{"href":"https:\/\/www.hethaveke.com\/de\/wp-json\/wp\/v2\/pages\/25","targetHints":{"allow":["GET"]}}],"collection":[{"href":"https:\/\/www.hethaveke.com\/de\/wp-json\/wp\/v2\/pages"}],"about":[{"href":"https:\/\/www.hethaveke.com\/de\/wp-json\/wp\/v2\/types\/page"}],"author":[{"embeddable":true,"href":"https:\/\/www.hethaveke.com\/de\/wp-json\/wp\/v2\/users\/1"}],"replies":[{"embeddable":true,"href":"https:\/\/www.hethaveke.com\/de\/wp-json\/wp\/v2\/comments?post=25"}],"version-history":[{"count":7,"href":"https:\/\/www.hethaveke.com\/de\/wp-json\/wp\/v2\/pages\/25\/revisions"}],"predecessor-version":[{"id":372,"href":"https:\/\/www.hethaveke.com\/de\/wp-json\/wp\/v2\/pages\/25\/revisions\/372"}],"up":[{"embeddable":true,"href":"https:\/\/www.hethaveke.com\/de\/wp-json\/wp\/v2\/pages\/23"}],"wp:attachment":[{"href":"https:\/\/www.hethaveke.com\/de\/wp-json\/wp\/v2\/media?parent=25"}],"curies":[{"name":"wp","href":"https:\/\/api.w.org\/{rel}","templated":true}]}}