{"id":15,"date":"2014-12-29T11:40:03","date_gmt":"2014-12-29T11:40:03","guid":{"rendered":"https:\/\/www.hethaveke.com\/?page_id=15"},"modified":"2025-01-08T18:34:22","modified_gmt":"2025-01-08T18:34:22","slug":"prijzen","status":"publish","type":"page","link":"https:\/\/www.hethaveke.com\/de\/vakantiewoningen\/prijzen\/","title":{"rendered":"Preise &#038; Konditionen"},"content":{"rendered":"<p>Zus\u00e4tzliche Informationen zum Corona-Virus: Wir bitten unsere G\u00e4ste, auf dem Gel\u00e4nde des Anwesens einen Mundschutz zu tragen und einen Abstand von mindestens 1,50 m gem\u00e4\u00df den RIVM-Regeln einzuhalten.<\/p>\n<p>Im Gastgarten \/ Nutzgarten und bei Spazierg\u00e4ngen im Park brauchen Sie keinen Mundschutz zu tragen. W\u00e4hrend des Aufenthalts auf dem Gut bitten wir unsere G\u00e4ste, uns und unseren Mitarbeitern zu helfen, die Gesundheit von uns allen zu sch\u00fctzen. Weitere Informationen zu den Ma\u00dfnahmen finden Sie auf der <a href=\"https:\/\/www.government.nl\/topics\/coronavirus-covid-19\/tackling-new-coronavirus-in-the-netherlands\/basic-rules-for-everyone\">Website der Regierung<\/a> (Englisch).<\/p>\n<table class=\"table table-hover table-bordered \">\n<thead>\n<tr>\n<th colspan=\"4\">Preisliste Ferienh\u00e4user auf dem Landgut Haveke <span>2026\/2027 <\/span><\/th>\n<\/tr>\n<\/thead>\n<tfoot>\n<tr>\n<td colspan=\"4\">Das Rauchen ist im Garten gestattet.<br \/>\nDas Haus muss bei der Abreise besenrein hinterlassen und die Bettw\u00e4sche von den Betten entfernt werden.<\/td>\n<\/tr>\n<\/tfoot>\n<tbody>\n<tr>\n<th colspan=\"4\" bgcolor=\"#a0a0d1\" width=\"604\">&#8220;Koetshuis&#8221; (6 personen) 140m<sup>2<\/sup><\/th>\n<\/tr>\n<tr>\n<td colspan=\"2\" width=\"425\">\n<p class=\"p1\">Mindestbuchungsdauer 2 Tage<\/p>\n<\/td>\n<td style=\"text-align: center;\" colspan=\"2\" width=\"179\">\n<p class=\"p1\"><strong>Preise pro Tag<\/strong><\/p>\n<\/td>\n<\/tr>\n<tr>\n<td colspan=\"2\" width=\"425\">Grundpreis 2 Personen<\/td>\n<td style=\"text-align: center;\" colspan=\"2\" width=\"179\">\u00a0ab \u20ac 150,00<\/td>\n<\/tr>\n<tr>\n<td colspan=\"2\" width=\"425\">Zuschlag dritte bis f\u00fcnfte Person (pro Person pro Tag)<\/td>\n<td style=\"text-align: center;\" colspan=\"2\" width=\"179\">\u20ac\u00a025,00<\/td>\n<\/tr>\n<tr>\n<td colspan=\"4\" width=\"604\">Check-in von 16.00 bis 20.00 Uhr<\/td>\n<\/tr>\n<tr>\n<td class=\"h-divider\" colspan=\"4\"><\/td>\n<\/tr>\n<tr>\n<th colspan=\"4\" bgcolor=\"#a0a0d1\" width=\"604\">Remise\u00a0(bis 2 personen) 36m<sup>2<\/sup><\/th>\n<\/tr>\n<tr>\n<td colspan=\"2\" width=\"425\">\n<p class=\"p1\">Mindestbuchungsdauer 2 Tage<\/p>\n<\/td>\n<td style=\"text-align: center;\" colspan=\"2\" width=\"179\"><strong>Preise pro Tag<\/strong><\/td>\n<\/tr>\n<tr>\n<td colspan=\"2\" width=\"425\">Grundpreis 2 Personen<\/td>\n<td style=\"text-align: center;\" colspan=\"2\" width=\"179\">ab \u20ac 125,00<\/td>\n<\/tr>\n<tr>\n<td colspan=\"2\" width=\"425\">Zuschlag dritte Person (pro Person pro Tag)<\/td>\n<td style=\"text-align: center;\" colspan=\"2\" width=\"179\">\u20ac 25,00<\/td>\n<\/tr>\n<tr>\n<td colspan=\"4\" width=\"604\">Check-in von 16.00 bis 20.00 Uhr<\/td>\n<\/tr>\n<tr>\n<td colspan=\"4\" bgcolor=\"#a0a0d1\" width=\"604\"><strong>Zus\u00e4tzliche kosten<\/strong><\/td>\n<\/tr>\n<tr>\n<th width=\"384\">Vor Ort zu bezahlen<\/th>\n<th colspan=\"2\" width=\"106\">Koetshuis<\/th>\n<th width=\"113\">Remise<\/th>\n<\/tr>\n<tr>\n<td width=\"384\">Reinigungsgeb\u00fchr<\/td>\n<td colspan=\"2\" width=\"219\">\u20ac 95,00<\/td>\n<td colspan=\"1\" width=\"219\">\u20ac 75,00<\/td>\n<\/tr>\n<tr>\n<td width=\"384\">Kaution<\/td>\n<td colspan=\"2\" width=\"106\">\u20ac 165,00<\/td>\n<td width=\"113\">\u20ac 120,00<\/td>\n<\/tr>\n<tr>\n<td width=\"384\">Kurtaxe<\/td>\n<td colspan=\"3\" width=\"106\">\u20ac 2,75 p.p.\/per Nacht. Bitte bei Ankunft bar bezahlen<\/td>\n<\/tr>\n<tr>\n<td colspan=\"4\" bgcolor=\"#a0a0d1\" width=\"604\"><strong>Zusatzleistungen &#8211; optional<\/strong><\/td>\n<\/tr>\n<tr>\n<th width=\"384\"><\/th>\n<th colspan=\"2\" width=\"106\">Koetshuis<\/th>\n<th width=\"113\">Remise<\/th>\n<\/tr>\n<tr>\n<td width=\"384\">Bettw\u00e4sche (Laken, Bett\u00fcberung, Kopfkissen, pro Aufenthalt)<\/p>\n<p>Gut zu wissen: Da viele unserer G\u00e4ste Ihre Bettw\u00e4sche und Handt\u00fccher gerne selbst mitbringen, sind diese im Mietpreis nicht automatisch mit inbegriffen. Auf Wunsch und gegen Geb\u00fchr kann aber selbstverst\u00e4ndlich ein W\u00e4schepaket (Bettw\u00e4sche und Handt\u00fccher) f\u00fcr E18.-per Set gemietet werden. Sprechen Sie uns einfach darauf an.<\/td>\n<td colspan=\"2\" width=\"219\">\u20ac 12,00<\/td>\n<td colspan=\"1\" width=\"219\">\u20ac 12,00<\/td>\n<\/tr>\n<tr>\n<td width=\"384\">Kinder bis ein Jahr sind unsere G\u00e4ste<\/td>\n<td colspan=\"2\" width=\"219\">inklusive<\/td>\n<td colspan=\"1\" width=\"219\">inklusive<\/td>\n<\/tr>\n<tr>\n<td width=\"384\">Kleinkinderpaket (Laufgitter, Bett, Hochstuhl, Tritthocker, Badeeimer, T\u00f6pfchen, Treppengitter, Babyessgeschirr)<\/td>\n<td colspan=\"2\" width=\"219\">inklusive<\/td>\n<td colspan=\"1\" width=\"219\">inklusive<\/td>\n<\/tr>\n<tr>\n<td width=\"384\">Desinfektionspaket<\/td>\n<td colspan=\"2\" width=\"219\">zur freien Benutzung<\/td>\n<td width=\"219\">zur freien Benutzung<\/td>\n<\/tr>\n<tr>\n<td width=\"384\">K\u00fcchenhandt\u00fccher<\/td>\n<td colspan=\"2\" width=\"219\">inklusive<\/td>\n<td colspan=\"1\" width=\"219\">inklusive<\/td>\n<\/tr>\n<tr>\n<td width=\"384\">Fahrradschuppen + Ladestation f\u00fcr Energie E-Fahrrad (Um ein Fahrrad zu mieten, schauen Sie unter <a href=\"https:\/\/www.hethaveke.com\/de\/partners-links\/\">Partner &amp; Links<\/a> nach<span style=\"font-family: inherit; font-size: inherit;\">)<\/span><\/td>\n<td colspan=\"2\" width=\"219\">inklusive<\/td>\n<td colspan=\"1\" width=\"219\">inklusive<\/td>\n<\/tr>\n<tr>\n<td width=\"384\">Hunde pro Nacht (in Absprache)<br \/>\nZuschlag dritter Hund \u20ac 12,00<\/td>\n<td colspan=\"2\" width=\"219\">\u20ac 8,00<br \/>\np.H.<br \/>\n(max 3)<\/td>\n<td colspan=\"1\" width=\"219\">\u20ac 8,00<br \/>\np.H.<br \/>\n(max 2)<\/td>\n<\/tr>\n<tr>\n<td colspan=\"4\">Aus R\u00fccksicht auf unsere G\u00e4ste mit Allergien, m\u00fcssen Katzen und V\u00f6gel leider zu Hause bleiben<\/td>\n<\/tr>\n<tr>\n<td colspan=\"4\"><strong>Zus\u00e4tzliche Informationen zum Corona-Virus:<\/strong> Wir bitten die G\u00e4ste bei der Anreise, auf dem Terrein des Landgoeds Mund-Nasenschutz zu tragen und, nach den Regeln des RIVM,den Abstand von mindestens 1.50m einzuhalten. Im G\u00e4stegarten \/Moestuin und bei Spazierg\u00e4ngen im Park entf\u00e4llt die Maskenpflicht. W\u00e4hrend des Aufenthaltes auf dem Landgoed bitten wir unsere G\u00e4ste herzlichst, unseren Mitarbeitern und uns mit zu helfen, die Gesundheit von uns Allen zu sch\u00fctzen und sie zu bewahren. Weitere Informationen zu den Ma\u00dfnahmen finden Sie auf der <a href=\"https:\/\/www.government.nl\/topics\/coronavirus-covid-19\/tackling-new-coronavirus-in-the-netherlands\/basic-rules-for-everyone\">Website der Regierung<\/a> (Englisch).<\/td>\n<\/tr>\n<\/tbody>\n<\/table>\n","protected":false},"excerpt":{"rendered":"<p>Zus\u00e4tzliche Informationen zum Corona-Virus: Wir bitten unsere G\u00e4ste, auf dem Gel\u00e4nde des Anwesens einen Mundschutz zu tragen und einen Abstand von mindestens 1,50 m gem\u00e4\u00df den RIVM-Regeln einzuhalten. Im Gastgarten \/ Nutzgarten und bei Spazierg\u00e4ngen im Park brauchen Sie keinen Mundschutz zu tragen. W\u00e4hrend des Aufenthalts auf dem Gut bitten wir unsere G\u00e4ste, uns und [&hellip;]<\/p>\n","protected":false},"author":1,"featured_media":0,"parent":8,"menu_order":0,"comment_status":"open","ping_status":"open","template":"","meta":{"footnotes":""},"class_list":["post-15","page","type-page","status-publish","hentry"],"aioseo_notices":[],"_links":{"self":[{"href":"https:\/\/www.hethaveke.com\/de\/wp-json\/wp\/v2\/pages\/15","targetHints":{"allow":["GET"]}}],"collection":[{"href":"https:\/\/www.hethaveke.com\/de\/wp-json\/wp\/v2\/pages"}],"about":[{"href":"https:\/\/www.hethaveke.com\/de\/wp-json\/wp\/v2\/types\/page"}],"author":[{"embeddable":true,"href":"https:\/\/www.hethaveke.com\/de\/wp-json\/wp\/v2\/users\/1"}],"replies":[{"embeddable":true,"href":"https:\/\/www.hethaveke.com\/de\/wp-json\/wp\/v2\/comments?post=15"}],"version-history":[{"count":93,"href":"https:\/\/www.hethaveke.com\/de\/wp-json\/wp\/v2\/pages\/15\/revisions"}],"predecessor-version":[{"id":529,"href":"https:\/\/www.hethaveke.com\/de\/wp-json\/wp\/v2\/pages\/15\/revisions\/529"}],"up":[{"embeddable":true,"href":"https:\/\/www.hethaveke.com\/de\/wp-json\/wp\/v2\/pages\/8"}],"wp:attachment":[{"href":"https:\/\/www.hethaveke.com\/de\/wp-json\/wp\/v2\/media?parent=15"}],"curies":[{"name":"wp","href":"https:\/\/api.w.org\/{rel}","templated":true}]}}