{"id":12,"date":"2014-12-29T11:39:30","date_gmt":"2014-12-29T11:39:30","guid":{"rendered":"https:\/\/www.hethaveke.com\/?page_id=12"},"modified":"2023-11-03T09:15:13","modified_gmt":"2023-11-03T09:15:13","slug":"koetshuis","status":"publish","type":"page","link":"https:\/\/www.hethaveke.com\/de\/vakantiewoningen\/koetshuis\/","title":{"rendered":"Ferienwohnung im Koetshuis"},"content":{"rendered":"<p>Im &#8220;Koetshuis&#8221;, dem ehemaligen Kutschenhaus erstreckt sich eine gro\u00dfz\u00fcgige Ferienwohnung f\u00fcr vier G\u00e4ste (inkl. Kinder ab 1 Jahr) \u00fcber zwei Etagen und bietet den G\u00e4sten einen herrlichen Blick \u00fcber den gro\u00dfen Englischen Landschaftspark des Landgutes &#8211; und sein Storchennest.<\/p>\n<p>\u00dcber einen separaten Au\u00dfeneingang gelangt man in die in hellen Farbt\u00f6nen mit roten Akzenten gestaltete Ferienwohnung. Es stehen 3 Zweibettzimmer zur Verf\u00fcgung.<\/p>\n<p>Aufteilung der Schlafzimmer:<br \/>\nSchlafzimmer 1: Ein Einzelbett (1,40 x 2,00 m)<br \/>\nSchlafzimmer 2: Zwei Einzelbetten<br \/>\nSchlafzimmer 3: Ein Doppelbett<\/p>\n<p>1 Kinderreisebett, welches bei uns gemietet werden kann.<\/p>\n<p>Zwei Badezimmer und eine vollst\u00e4ndig ausgestattete K\u00fcche mit Sp\u00fclmaschine erm\u00f6glichen gr\u00f6\u00dfte Unabh\u00e4ngigkeit. Das gro\u00dfe Wohnzimmer mit E\u00dftisch f\u00fcr f\u00fcnf Personen, Stereoanlage und Fernseher mit Satellitenempfang sorgen f\u00fcr Komfort und Entspannung.<\/p>\n<p>Im &#8220;Moestuin&#8221;, dem ehemaligen Obst- und Gem\u00fcsegarten befindet sich eine gro\u00dfe, m\u00f6blierte private Terrasse mit Grill, Sonnenshirm und Feuerkorb &#8211; auch f\u00fcr k\u00fchlere Sommerabende.<\/p>\n","protected":false},"excerpt":{"rendered":"<p>Im &#8220;Koetshuis&#8221;, dem ehemaligen Kutschenhaus erstreckt sich eine gro\u00dfz\u00fcgige Ferienwohnung f\u00fcr vier G\u00e4ste (inkl. Kinder ab 1 Jahr) \u00fcber zwei Etagen und bietet den G\u00e4sten einen herrlichen Blick \u00fcber den gro\u00dfen Englischen Landschaftspark des Landgutes &#8211; und sein Storchennest. \u00dcber einen separaten Au\u00dfeneingang gelangt man in die in hellen Farbt\u00f6nen mit roten Akzenten gestaltete Ferienwohnung. [&hellip;]<\/p>\n","protected":false},"author":1,"featured_media":0,"parent":8,"menu_order":0,"comment_status":"open","ping_status":"open","template":"","meta":{"footnotes":""},"class_list":["post-12","page","type-page","status-publish","hentry"],"aioseo_notices":[],"_links":{"self":[{"href":"https:\/\/www.hethaveke.com\/de\/wp-json\/wp\/v2\/pages\/12","targetHints":{"allow":["GET"]}}],"collection":[{"href":"https:\/\/www.hethaveke.com\/de\/wp-json\/wp\/v2\/pages"}],"about":[{"href":"https:\/\/www.hethaveke.com\/de\/wp-json\/wp\/v2\/types\/page"}],"author":[{"embeddable":true,"href":"https:\/\/www.hethaveke.com\/de\/wp-json\/wp\/v2\/users\/1"}],"replies":[{"embeddable":true,"href":"https:\/\/www.hethaveke.com\/de\/wp-json\/wp\/v2\/comments?post=12"}],"version-history":[{"count":21,"href":"https:\/\/www.hethaveke.com\/de\/wp-json\/wp\/v2\/pages\/12\/revisions"}],"predecessor-version":[{"id":523,"href":"https:\/\/www.hethaveke.com\/de\/wp-json\/wp\/v2\/pages\/12\/revisions\/523"}],"up":[{"embeddable":true,"href":"https:\/\/www.hethaveke.com\/de\/wp-json\/wp\/v2\/pages\/8"}],"wp:attachment":[{"href":"https:\/\/www.hethaveke.com\/de\/wp-json\/wp\/v2\/media?parent=12"}],"curies":[{"name":"wp","href":"https:\/\/api.w.org\/{rel}","templated":true}]}}