{"id":10,"date":"2014-12-29T11:39:07","date_gmt":"2014-12-29T11:39:07","guid":{"rendered":"https:\/\/www.hethaveke.com\/?page_id=10"},"modified":"2019-11-08T11:19:51","modified_gmt":"2019-11-08T11:19:51","slug":"remise","status":"publish","type":"page","link":"https:\/\/www.hethaveke.com\/de\/vakantiewoningen\/remise\/","title":{"rendered":"Appartement in der Remise"},"content":{"rendered":"<p>Die ehemalige Remise wurde im Jahr 2008, begleitet von EUREGIO und Culture &amp; Castles e.V., vollst\u00e4ndig und umfangreich saniert. Im ersten Stockwerk befindet sich das in hellen Sandt\u00f6nen und mit ge\u00f6lten Holzdielen ausgestattete Appartement f\u00fcr zwei Personen.<\/p>\n<p>Das Appartement (37m<sup>2<\/sup>) ist mit zwei komfortablen Einzelbetten, Sitzgelegenheiten, Badezimmer mit Liege-Dusch-Bad und Fu\u00dfbodenheizung, Satelliten-TV, Radio und einer komplett ausgestatteten Minik\u00fcche mit Sp\u00fclmaschine ausgestattet. Vor der eigenen Haust\u00fcre l\u00e4dt die kleine Terrasse zu einem Glas Wein im Schatten der gro\u00dfen Linden ein, im ehemaligen Obstgarten gibt es einen gro\u00dfen, gepflasterten Sitzplatz mit Gartenm\u00f6beln und Grill.<\/p>\n<p>M\u00f6chten Sie w\u00e4hrend Ihres Aufenthaltes in die Remise G\u00e4ste einladen? Das Erdgeschoss der Remise kann f\u00fcr kleine Versammlungen oder Familienfeiern dazu gemietet werden.<\/p>\n","protected":false},"excerpt":{"rendered":"<p>Die ehemalige Remise wurde im Jahr 2008, begleitet von EUREGIO und Culture &amp; Castles e.V., vollst\u00e4ndig und umfangreich saniert. Im ersten Stockwerk befindet sich das in hellen Sandt\u00f6nen und mit ge\u00f6lten Holzdielen ausgestattete Appartement f\u00fcr zwei Personen. Das Appartement (37m2) ist mit zwei komfortablen Einzelbetten, Sitzgelegenheiten, Badezimmer mit Liege-Dusch-Bad und Fu\u00dfbodenheizung, Satelliten-TV, Radio und einer [&hellip;]<\/p>\n","protected":false},"author":1,"featured_media":0,"parent":8,"menu_order":0,"comment_status":"open","ping_status":"open","template":"","meta":{"footnotes":""},"class_list":["post-10","page","type-page","status-publish","hentry"],"aioseo_notices":[],"_links":{"self":[{"href":"https:\/\/www.hethaveke.com\/de\/wp-json\/wp\/v2\/pages\/10","targetHints":{"allow":["GET"]}}],"collection":[{"href":"https:\/\/www.hethaveke.com\/de\/wp-json\/wp\/v2\/pages"}],"about":[{"href":"https:\/\/www.hethaveke.com\/de\/wp-json\/wp\/v2\/types\/page"}],"author":[{"embeddable":true,"href":"https:\/\/www.hethaveke.com\/de\/wp-json\/wp\/v2\/users\/1"}],"replies":[{"embeddable":true,"href":"https:\/\/www.hethaveke.com\/de\/wp-json\/wp\/v2\/comments?post=10"}],"version-history":[{"count":7,"href":"https:\/\/www.hethaveke.com\/de\/wp-json\/wp\/v2\/pages\/10\/revisions"}],"predecessor-version":[{"id":456,"href":"https:\/\/www.hethaveke.com\/de\/wp-json\/wp\/v2\/pages\/10\/revisions\/456"}],"up":[{"embeddable":true,"href":"https:\/\/www.hethaveke.com\/de\/wp-json\/wp\/v2\/pages\/8"}],"wp:attachment":[{"href":"https:\/\/www.hethaveke.com\/de\/wp-json\/wp\/v2\/media?parent=10"}],"curies":[{"name":"wp","href":"https:\/\/api.w.org\/{rel}","templated":true}]}}